{"id":246711,"date":"2022-06-22T10:28:59","date_gmt":"2022-06-22T08:28:59","guid":{"rendered":"https:\/\/milmay.eu\/datenschutzbestimmungen\/"},"modified":"2023-05-22T12:39:54","modified_gmt":"2023-05-22T10:39:54","slug":"datenschutz","status":"publish","type":"page","link":"https:\/\/milmay.eu\/de\/datenschutz\/","title":{"rendered":"Datenschutz"},"content":{"rendered":"<p>[et_pb_section fb_built=&#8220;1&#8243; custom_padding_last_edited=&#8220;on|phone&#8220; admin_label=&#8220;\/ co robimy&#8220; _builder_version=&#8220;4.20.2&#8243; _module_preset=&#8220;default&#8220; background_color=&#8220;#282828&#8243; custom_padding=&#8220;130px|3rem||3rem|false|true&#8220; custom_padding_tablet=&#8220;|2rem||2rem|false|true&#8220; custom_padding_phone=&#8220;|2rem||2rem|false|true&#8220; locked=&#8220;off&#8220; collapsed=&#8220;off&#8220; global_colors_info=&#8220;{}&#8220;][et_pb_row _builder_version=&#8220;4.21.0&#8243; _module_preset=&#8220;default&#8220; width=&#8220;100%&#8220; custom_padding=&#8220;0px||0px||false|false&#8220; locked=&#8220;off&#8220; global_colors_info=&#8220;{}&#8220;][et_pb_column type=&#8220;4_4&#8243; _builder_version=&#8220;4.19.5&#8243; _module_preset=&#8220;default&#8220; global_colors_info=&#8220;{}&#8220;][et_pb_text _builder_version=&#8220;4.21.0&#8243; _module_preset=&#8220;default&#8220; text_font=&#8220;Poppins||||||||&#8220; text_text_color=&#8220;gcid-82dce978-7bb6-4e98-8d1f-0aaaa47b4f78&#8243; text_font_size=&#8220;8rem&#8220; header_2_font=&#8220;Poppins||||||||&#8220; header_2_text_color=&#8220;gcid-82dce978-7bb6-4e98-8d1f-0aaaa47b4f78&#8243; header_2_font_size=&#8220;6rem&#8220; header_2_line_height=&#8220;1.7em&#8220; header_3_text_color=&#8220;gcid-82dce978-7bb6-4e98-8d1f-0aaaa47b4f78&#8243; position_origin_a=&#8220;center_left&#8220; width=&#8220;100%&#8220; max_width=&#8220;100vw&#8220; module_alignment=&#8220;left&#8220; custom_padding=&#8220;61px||61px||true|false&#8220; custom_padding_tablet=&#8220;|||1rem|false|false&#8220; custom_padding_phone=&#8220;|||1rem|false|false&#8220; custom_padding_last_edited=&#8220;off|tablet&#8220; animation_direction=&#8220;top&#8220; hover_enabled=&#8220;0&#8243; text_font_size_tablet=&#8220;5rem&#8220; text_font_size_phone=&#8220;3rem&#8220; text_font_size_last_edited=&#8220;on|phone&#8220; header_2_font_size_tablet=&#8220;4rem&#8220; header_2_font_size_phone=&#8220;3rem&#8220; header_2_font_size_last_edited=&#8220;on|phone&#8220; global_colors_info=&#8220;{%22gcid-82dce978-7bb6-4e98-8d1f-0aaaa47b4f78%22:%91%22text_text_color%22,%22header_3_text_color%22,%22header_2_text_color%22%93}&#8220; sticky_enabled=&#8220;0&#8243;]<\/p>\n<h2>\/Datenschutz<\/h2>\n<p>[\/et_pb_text][et_pb_image src=&#8220;https:\/\/milmay.eu\/wp-content\/uploads\/2023\/04\/clear.png&#8220; alt=&#8220;Datenschutzbestimmungen&#8220; _builder_version=&#8220;4.21.0&#8243; _module_preset=&#8220;default&#8220; global_colors_info=&#8220;{}&#8220;][\/et_pb_image][\/et_pb_column][\/et_pb_row][\/et_pb_section][et_pb_section fb_built=&#8220;1&#8243; custom_padding_last_edited=&#8220;on|phone&#8220; admin_label=&#8220;MAG&#8220; module_id=&#8220;Web&#8220; _builder_version=&#8220;4.21.0&#8243; _module_preset=&#8220;default&#8220; background_color=&#8220;gcid-a318f0f4-9e4a-4550-b76d-fd035ab8382a&#8220; custom_padding=&#8220;50px|3rem||3rem|false|true&#8220; custom_padding_tablet=&#8220;|2rem||2rem|false|true&#8220; custom_padding_phone=&#8220;|2rem||2rem|false|true&#8220; locked=&#8220;off&#8220; collapsed=&#8220;off&#8220; global_colors_info=&#8220;{%22gcid-a318f0f4-9e4a-4550-b76d-fd035ab8382a%22:%91%22background_color%22%93}&#8220;][et_pb_row column_structure=&#8220;1_2,1_2&#8243; use_custom_gutter=&#8220;on&#8220; _builder_version=&#8220;4.21.0&#8243; _module_preset=&#8220;default&#8220; width=&#8220;100%&#8220; module_alignment=&#8220;center&#8220; custom_margin=&#8220;0px||0px||false|false&#8220; custom_padding=&#8220;0px||0px||false|false&#8220; locked=&#8220;off&#8220; global_colors_info=&#8220;{}&#8220;][et_pb_column type=&#8220;1_2&#8243; _builder_version=&#8220;4.20.2&#8243; _module_preset=&#8220;default&#8220; global_colors_info=&#8220;{}&#8220;][et_pb_text ol_position=&#8220;outside&#8220; ol_item_indent=&#8220;15px&#8220; _builder_version=&#8220;4.21.0&#8243; _module_preset=&#8220;default&#8220; text_font=&#8220;Poppins||||||||&#8220; text_font_size=&#8220;15px&#8220; link_font=&#8220;Poppins||||||||&#8220; link_text_color=&#8220;gcid-82dce978-7bb6-4e98-8d1f-0aaaa47b4f78&#8243; ol_font=&#8220;Poppins||||||||&#8220; ol_text_align=&#8220;justify&#8220; custom_margin=&#8220;0px||0px||false|false&#8220; custom_padding=&#8220;0px||0px||false|false&#8220; global_colors_info=&#8220;{%22gcid-82dce978-7bb6-4e98-8d1f-0aaaa47b4f78%22:%91%22link_text_color%22%93}&#8220;]<\/p>\n<p style=\"text-align: justify;\">Diese Richtlinie enth\u00e4lt grundlegende Informationen \u00fcber den Zweck, die Art der Verarbeitung und die Sicherheit Ihrer personenbezogenen Daten als Nutzer der Website milmay.eu (nachstehend &#8222;Website&#8220; genannt). Durch die Lekt\u00fcre der Datenschutzrichtlinie erfahren Sie, wer f\u00fcr die Verarbeitung Ihrer personenbezogenen Daten verantwortlich ist, welche personenbezogenen Daten von der Website erfasst werden, f\u00fcr welche Zwecke sie verwendet werden und wie sie gesch\u00fctzt werden.<\/p>\n<p style=\"text-align: center;\"><strong>\u00a71. Hintergrundinformationen.<\/strong><\/p>\n<p style=\"text-align: justify;\">Der Verwalter Ihrer pers\u00f6nlichen Daten ist: Przemys\u0142aw Godlewski Unternehmer, eingetragen im Zentralen Informations- und Unternehmensregister unter dem Namen: MILMAY Przemys\u0142aw Godlewski mit Sitz in Nowe Gizewo 132, 12-100 Szczytno, NIP: 5841002098<br \/>Die Kontaktaufnahme mit dem Verwalter ist per E-Mail m\u00f6glich unter: <a href=\"mailto:studio@milmay.pl\">studio@milmay.pl.<\/a><\/p>\n<p style=\"text-align: center;\"><strong>\u00a72. Grunds\u00e4tze der Datenverarbeitung.<\/strong><\/p>\n<ol>\n<li>Der f\u00fcr die Verarbeitung Verantwortliche muss bei der Verarbeitung personenbezogener Daten die folgenden Grunds\u00e4tze beachten:\n<ol>\n<li style=\"text-align: justify;\">auf einer gesetzlichen Grundlage und in \u00dcbereinstimmung mit dem Gesetz (Legalismus);<\/li>\n<li style=\"text-align: justify;\">mit Integrit\u00e4t und Ehrlichkeit (Zuverl\u00e4ssigkeit);<\/li>\n<li style=\"text-align: justify;\">in einer Weise, die f\u00fcr die betroffene Person transparent ist (Transparenz);<\/li>\n<li style=\"text-align: justify;\">f\u00fcr bestimmte Zwecke und nicht &#8222;auf Vorrat&#8220; (Minimierung);<\/li>\n<li style=\"text-align: justify;\">nicht mehr als n\u00f6tig (Angemessenheit);<\/li>\n<li style=\"text-align: justify;\">Beachtung der Datengenauigkeit (Korrektheit);<\/li>\n<li style=\"text-align: justify;\">nicht l\u00e4nger als n\u00f6tig (Zeitlichkeit);<\/li>\n<li style=\"text-align: justify;\">Gew\u00e4hrleistung einer angemessenen Datensicherheit (Safety).<\/li>\n<\/ol>\n<\/li>\n<\/ol>\n<p style=\"text-align: center;\"><strong>\u00a73. Ziele, Rechtsgrundlage und Umfang der Datenverarbeitung.<\/strong><\/p>\n<ol>\n<li style=\"text-align: justify;\">  Wir werden Ihre Daten verarbeiten:\n<ol>\n<li>zu Kontaktzwecken, um Ihre direkt per E-Mail oder \u00fcber ein Formular an uns gesendete Nachricht auf der Grundlage des berechtigten Interesses des Verwalters, Ihnen zu antworten, zu beantworten.<\/li>\n<li>f\u00fcr technische Zwecke unter Verwendung von Cookies (technische Cookies) auf der Grundlage des berechtigten Interesses des Administrators im Zusammenhang mit dem ordnungsgem\u00e4\u00dfen Betrieb und der Funktionsweise der Website.<\/li>\n<li>zu statistischen und analytischen Zwecken, wenn Sie der Verwendung von Cookies zu analytischen Zwecken zugestimmt haben (analytische Cookies).<\/li>\n<li>f\u00fcr Marketingzwecke, wenn Sie der Verwendung von Cookies f\u00fcr Marketingzwecke zugestimmt haben (Marketing-Cookies)<\/li>\n<li>f\u00fcr die Zwecke unseres Unternehmensprofils in den sozialen Medien (wie Facebook\/Instagram) in \u00dcbereinstimmung mit den von den Eigent\u00fcmern des jeweiligen Mediums (Portals) festgelegten Regeln und um Sie dort \u00fcber unsere Produkte, Aktionen und andere Neuigkeiten in Bezug auf unser Unternehmen zu informieren, was wir als unser berechtigtes Interesse betrachten,<\/li>\n<\/ol>\n<\/li>\n<li>  Wir verarbeiten Ihre Daten in Bezug auf:\n<ol>\n<li style=\"text-align: justify;\">Wenn Sie uns eine E-Mail senden, werden wir die darin enthaltenen Daten verarbeiten. Die \u00dcbermittlung von Daten per E-Mail an uns ist freiwillig. Sie k\u00f6nnen uns jederzeit auffordern, diese Daten zu l\u00f6schen.<\/li>\n<li style=\"text-align: justify;\">Wenn Sie das Kontaktformular auf unserer Website nutzen, verarbeiten wir Ihre Daten in Form Ihres Namens, Ihrer E-Mail-Adresse und Ihrer Telefonnummer. Telefon. Die Bereitstellung dieser Daten ist eine Voraussetzung daf\u00fcr, dass wir Ihre Anfrage beantworten k\u00f6nnen.<\/li>\n<li style=\"text-align: justify;\">Weitere Daten, die der Administrator verarbeitet, sind die IP-Adresse und andere in Cookies gespeicherte Daten. Sie entscheiden, in welchem Umfang wir Cookies mit Ihren Daten verwenden k\u00f6nnen. Die \u00dcbermittlung dieser Daten an uns ist freiwillig. Sie k\u00f6nnen Ihre Pr\u00e4ferenzen jederzeit \u00e4ndern. Sie k\u00f6nnen dies in Ihrem Browser oder durch L\u00f6schen aller gespeicherten Cookies von unserer Website tun.<\/li>\n<li style=\"text-align: justify;\">Wenn Sie unser Social-Media-Profil (z.B. Facebook) m\u00f6gen oder ihm anderweitig beitreten, verarbeiten wir Ihre Daten, die Sie in dem jeweiligen Medium angegeben haben und auf die wir Zugriff haben. Um die Bearbeitung abzuschlie\u00dfen, k\u00f6nnen Sie Ihr Abonnement f\u00fcr unser Profil k\u00fcndigen.<\/li>\n<li style=\"text-align: justify;\">APIs externer Partner: Unsere Website kann APIs (Anwendungsprogrammierschnittstellen) nutzen, die von externen Partnern zur Verf\u00fcgung gestellt werden, um verschiedene Funktionalit\u00e4ten wie Karten, Analysen, Werbung oder soziale Medien zu integrieren. Die Verwendung dieser APIs kann zur Erstellung zus\u00e4tzlicher Cookies oder zur Verwendung bestehender Cookies zur Verarbeitung von Nutzerdaten f\u00fchren. Externe Partner k\u00f6nnen diese Daten in \u00dcbereinstimmung mit ihren eigenen Datenschutzrichtlinien speichern und verarbeiten.<\/li>\n<\/ol>\n<\/li>\n<\/ol>\n<p style=\"text-align: center;\"><strong>\u00a74. Empf\u00e4nger der Daten und Absicht der \u00dcbermittlung<br \/>an einen Staat au\u00dferhalb des EWR oder eine internationale Organisation.<\/strong><\/p>\n<ol>\n<li>Die Empf\u00e4nger Ihrer personenbezogenen Daten sind:\n<ol>\n<li style=\"text-align: justify;\">wenn Sie Marketing-Cookies zugestimmt haben, werden Ihre in den Cookies gespeicherten Daten an unsere Werbepartner weitergegeben.<\/li>\n<li style=\"text-align: justify;\">wenn Sie der Verwendung von Analyse-Cookies zugestimmt haben, werden Ihre in den Cookies gespeicherten Daten von dem Anbieter der Software zur Analyse des Datenverkehrs auf unserer Website (z. B. Google Analytics) verarbeitet<\/li>\n<li style=\"text-align: justify;\">Ihre Daten werden nicht in L\u00e4nder au\u00dferhalb des EWR oder an internationale Organisationen \u00fcbermittelt.<\/li>\n<\/ol>\n<\/li>\n<\/ol>\n<p style=\"text-align: center;\"><strong>\u00a75. Dauer der Datenspeicherung.<\/strong><\/p>\n<p style=\"text-align: justify;\">Wir sind nicht in der Lage zu bestimmen, wie lange wir Ihre personenbezogenen Daten verarbeiten werden. Wenn Sie uns Ihre Daten in einem Formular oder per E-Mail zu Kontaktzwecken zur Verf\u00fcgung gestellt haben, verarbeiten wir Ihre Daten, bis Sie die L\u00f6schung dieser Daten verlangen oder der Verarbeitung widersprechen, aber auch f\u00fcr den Fall, dass wir der Ansicht sind, dass wir das berechtigte Interesse des f\u00fcr die Verarbeitung Verantwortlichen erf\u00fcllt haben.<\/p>\n<p style=\"text-align: center;\"><strong>\u00a76. Rechte der Nutzer.<\/strong><\/p>\n<ol>\n<li style=\"text-align: justify;\">Sie haben die folgenden Rechte in Bezug auf die Verarbeitung Ihrer Daten:\n<ol>\n<li>Zugriff auf den Inhalt ihrer Daten und<\/li>\n<li>Das Recht auf Berichtigung, L\u00f6schung und Einschr\u00e4nkung der Verarbeitung,<\/li>\n<li>das Recht auf Daten\u00fcbertragbarkeit,<\/li>\n<li>das Recht, Einspruch zu erheben,<\/li>\n<li>Das Recht, Ihre Zustimmung zur Verarbeitung jederzeit und in jeder Form zu widerrufen, es sei denn, die Verarbeitung Ihrer Daten erfolgt zur Erf\u00fcllung eines Vertrags durch den Verwalter, zur Erf\u00fcllung der rechtlichen Verpflichtungen des Verwalters gegen\u00fcber staatlichen Institutionen oder zur Wahrung der berechtigten Interessen des Verwalters.<\/li>\n<\/ol>\n<\/li>\n<li style=\"text-align: justify;\">Sie haben auch das Recht, eine Beschwerde beim Pr\u00e4sidenten des Amtes f\u00fcr den Schutz personenbezogener Daten einzureichen (an die Adresse des Amtes f\u00fcr den Schutz personenbezogener Daten, ul. Stawki 2, 00-193 Warschau).<\/li>\n<li style=\"text-align: justify;\">Weitere Informationen zum Thema Datenschutz finden Sie auf der Website der Datenschutzbeh\u00f6rde: <a href=\"http:\/\/www.uodo.gov.pl\" rel=\"noopener\">www.uodo.gov.pl.<\/a><\/li>\n<\/ol>\n<p>[\/et_pb_text][\/et_pb_column][et_pb_column type=&#8220;1_2&#8243; _builder_version=&#8220;4.20.2&#8243; _module_preset=&#8220;default&#8220; global_colors_info=&#8220;{}&#8220;][et_pb_text ol_position=&#8220;outside&#8220; ol_item_indent=&#8220;15px&#8220; _builder_version=&#8220;4.21.0&#8243; _module_preset=&#8220;default&#8220; text_font=&#8220;Poppins||||||||&#8220; text_font_size=&#8220;15px&#8220; link_font=&#8220;Poppins||||||||&#8220; link_text_color=&#8220;gcid-82dce978-7bb6-4e98-8d1f-0aaaa47b4f78&#8243; ol_font=&#8220;Poppins||||||||&#8220; ol_text_align=&#8220;justify&#8220; custom_margin=&#8220;0px||0px||false|false&#8220; custom_padding=&#8220;0px||0px||false|false&#8220; global_colors_info=&#8220;{%22gcid-82dce978-7bb6-4e98-8d1f-0aaaa47b4f78%22:%91%22link_text_color%22%93}&#8220;]<\/p>\n<p style=\"text-align: center;\"><strong>\u00a77 Informationen \u00fcber Cookies<\/strong><\/p>\n<ol>\n<li style=\"text-align: justify;\">Wir verwenden Cookies auf unserer Website.<\/li>\n<li style=\"text-align: justify;\">Cookies sind kleine Textdateien, die auf den Ger\u00e4ten der Nutzer gespeichert werden, wenn sie eine Website besuchen. Sie werden verwendet, um die Nutzung unserer Website zu erleichtern, die Qualit\u00e4t unserer Dienstleistungen zu verbessern und eine Analyse des Nutzerverkehrs und -verhaltens zu erm\u00f6glichen.<\/li>\n<li style=\"text-align: justify;\">Cookies k\u00f6nnen dauerhaft (persistent) oder tempor\u00e4r (session) sein. Permanente Cookies werden auf dem Ger\u00e4t des Nutzers f\u00fcr einen begrenzten Zeitraum gespeichert oder bis sie vom Nutzer gel\u00f6scht werden. Tempor\u00e4re Cookies werden gel\u00f6scht, wenn der Browser geschlossen wird.<\/li>\n<li style=\"text-align: justify;\">Wir verwenden eigene und fremde Cookies. Propriet\u00e4re Cookies werden verwendet, um das ordnungsgem\u00e4\u00dfe Funktionieren der Website zu gew\u00e4hrleisten, Inhalte zu personalisieren, Benutzerpr\u00e4ferenzen zu erfassen und Statistiken zu analysieren. Cookies von Drittanbietern werden von Analyse-, Werbe- und Social-Media-Integrationstools Dritter verwendet.<\/li>\n<li style=\"text-align: justify;\">Die Nutzer haben das Recht, die Verwendung von Cookies auf unserer Website zu kontrollieren und einzuschr\u00e4nken. Die meisten Webbrowser erm\u00f6glichen es Ihnen, Cookies zu verwalten, einschlie\u00dflich des Blockierens, Einschr\u00e4nkens oder L\u00f6schens von Cookies. Wie Sie Cookies verwalten k\u00f6nnen, entnehmen Sie bitte den Einstellungen Ihres Browsers.<\/li>\n<li style=\"text-align: justify;\">Bitte beachten Sie, dass die Deaktivierung oder Einschr\u00e4nkung von Cookies die Funktionalit\u00e4t der Website und die Qualit\u00e4t der angebotenen Dienste beeintr\u00e4chtigen kann.<\/li>\n<li style=\"text-align: justify;\">Wir verwenden auf unserer Website verschiedene Arten von Cookies, um uns besser an die Bed\u00fcrfnisse der Nutzer anpassen zu k\u00f6nnen und eine optimale Nutzung der Website zu gew\u00e4hrleisten.<\/li>\n<li style=\"text-align: justify;\">Technische Cookies: Sie sind f\u00fcr das reibungslose Funktionieren der Website erforderlich. Sie erm\u00f6glichen es, Benutzersitzungen aufrechtzuerhalten, Formulare zu bearbeiten, Pr\u00e4ferenzen zu speichern und die Sicherheit der Website zu gew\u00e4hrleisten.<\/li>\n<li style=\"text-align: justify;\">Marketing-Cookies: Erm\u00f6glichen die Personalisierung von Werbung und Remarketing-Aktivit\u00e4ten, die auf die Interessen und Vorlieben der Nutzer zugeschnitten sind. Sie werden auch verwendet, um die Wirksamkeit von Werbekampagnen zu messen und die Werbeinhalte zu optimieren.<\/li>\n<li style=\"text-align: justify;\">Analytische Cookies: Diese werden verwendet, um Informationen dar\u00fcber zu sammeln, wie die Nutzer die Website nutzen, z. B. die Anzahl der Besuche, die besuchten Seiten, die auf der Website verbrachte Zeit oder die Quelle des Datenverkehrs. Die gewonnenen Daten dienen der Analyse und Optimierung der Website, der Verbesserung ihrer Leistung und der Anpassung der Inhalte an die Bed\u00fcrfnisse der Nutzer.<\/li>\n<\/ol>\n<p style=\"text-align: center;\"><strong>\u00a78 Warum verwenden wir Cookies?<\/strong><\/p>\n<ol>\n<li style=\"text-align: justify;\">Komfort bei der Nutzung der Website: Cookies (Cookie-Dateien) k\u00f6nnen die Benutzerfreundlichkeit der Website erheblich beeintr\u00e4chtigen.<\/li>\n<li style=\"text-align: justify;\">Personalisierung der Inhalte: Cookies erm\u00f6glichen es, die angezeigten Inhalte auf die Vorlieben und Interessen des Nutzers abzustimmen und so die Website attraktiver und n\u00fctzlicher zu gestalten.<\/li>\n<li style=\"text-align: justify;\">Erinnerung an Ihre Einstellungen: Cookies erm\u00f6glichen es der Website, sich an die von Ihnen gew\u00e4hlten Einstellungen wie Sprache, Layout oder Farbschema zu erinnern, damit Sie die Website schneller und bequemer nutzen k\u00f6nnen.<\/li>\n<li style=\"text-align: justify;\">Einloggen: Cookies erm\u00f6glichen die Speicherung von Informationen \u00fcber den eingeloggten Benutzer, so dass der Benutzer problemlos zwischen verschiedenen Bereichen der Website wechseln kann, ohne sich erneut einloggen zu m\u00fcssen.<\/li>\n<li style=\"text-align: justify;\">Aufrechterhaltung der Sitzung: Cookies erm\u00f6glichen es der Website, die Aktivit\u00e4ten der Nutzer auf den verschiedenen Seiten zu verfolgen, so dass die Nutzer leicht zu den zuletzt besuchten Abschnitten zur\u00fcckkehren oder noch nicht abgeschlossene Aktionen wie das Ausf\u00fcllen von Formularen fortsetzen k\u00f6nnen.<\/li>\n<li style=\"text-align: justify;\">Optimierung der Leistung: Cookies k\u00f6nnen verwendet werden, um den Datenverkehr und das Nutzerverhalten auf der Website zu analysieren, was dazu beitr\u00e4gt, die Leistung der Website zu optimieren und qualitativ hochwertige Inhalte zu liefern.<\/li>\n<li style=\"text-align: justify;\">Werbeanzeigen: Cookies erm\u00f6glichen die Anzeige von personalisierter Werbung, die auf Ihre Interessen und Bed\u00fcrfnisse zugeschnitten ist. Dadurch ist die Werbung weniger aufdringlich und relevanter.<\/li>\n<li style=\"text-align: justify;\">Integration sozialer Medien: Cookies erm\u00f6glichen die Integration von Social-Media-Websites wie Facebook, Twitter und Instagram, wodurch das Teilen von Inhalten und zus\u00e4tzliche Funktionen wie das Kommentieren oder Liken erleichtert werden.<\/li>\n<\/ol>\n<p style=\"text-align: center;\"><strong>\u00a79 Funktionen von technischen Cookies<\/strong><\/p>\n<ol>\n<li style=\"text-align: justify;\">Aufrechterhaltung der Benutzersitzung: Technische Cookies erm\u00f6glichen es, die Sitzung des Nutzers aufrechtzuerhalten, w\u00e4hrend er sich auf der Website bewegt, so dass er zwischen verschiedenen Bereichen der Website wechseln kann, ohne sich erneut anmelden oder dieselben Informationen eingeben zu m\u00fcssen.<\/li>\n<li style=\"text-align: justify;\">Speicherung von Benutzerpr\u00e4ferenzen: Dank technischer Cookies kann die Website Informationen \u00fcber die Pr\u00e4ferenzen der Nutzer speichern, wie z. B. die gew\u00e4hlte Sprache, Schriftgr\u00f6\u00dfe, Farbeinstellungen oder andere Personalisierungselemente.<\/li>\n<li style=\"text-align: justify;\">Formularverarbeitung: Technische Cookies unterst\u00fctzen das Funktionieren von Formularen auf der Website, wie z. B. Anmelde-, Registrierungs- oder Kontaktformulare, und stellen sicher, dass die von den Nutzern eingegebenen Daten korrekt verarbeitet werden.<\/li>\n<li style=\"text-align: justify;\">Optimierung der Leistung der Website: Die Verwendung von technischen Cookies erm\u00f6glicht es, die Leistung der Website zu \u00fcberwachen und die Ladegeschwindigkeit der einzelnen Elemente zu optimieren und zu verbessern.<\/li>\n<li style=\"text-align: justify;\">Sicherheit: Technische Cookies tragen dazu bei, die Sicherheit der Website und ihrer Nutzer zu gew\u00e4hrleisten, indem sie beispielsweise die Identit\u00e4t der Nutzer \u00fcberpr\u00fcfen, Einbruchsversuche erkennen oder vor CSRF-Angriffen (Cross-Site Request Forgery) sch\u00fctzen.<\/li>\n<\/ol>\n<p style=\"text-align: center;\"><strong>\u00a710 Funktionen von analytischen Cookies<\/strong><\/p>\n<ol>\n<li style=\"text-align: justify;\">Messung des Website-Verkehrs: Analytics-Cookies erm\u00f6glichen es Ihnen, die Anzahl der Besuche, der einzelnen Nutzer und der Seitenaufrufe zu \u00fcberwachen, so dass Sie sich ein Gesamtbild von der Beliebtheit und Leistung Ihrer Website machen k\u00f6nnen.<\/li>\n<li style=\"text-align: justify;\">Analyse des Nutzerverhaltens: Analytische Cookies k\u00f6nnen verwendet werden, um Informationen dar\u00fcber zu sammeln, wie die Nutzer auf der Website navigieren, z. B. wie viel Zeit sie auf den einzelnen Seiten verbringen, welche Navigationswege sie nehmen und wo sie die Website verlassen.<\/li>\n<li style=\"text-align: justify;\">Optimierung der Konversion: Analytics-Cookies helfen dabei, die Elemente einer Seite zu identifizieren, die sich auf die Effektivit\u00e4t des Erreichens von Gesch\u00e4ftszielen auswirken, wie z. B. die Registrierung, die Aufgabe einer Bestellung oder das Ausf\u00fcllen eines Kontaktformulars.<\/li>\n<li style=\"text-align: justify;\">Segmentierung der Nutzer: Durch die Verwendung von Analyse-Cookies k\u00f6nnen die Nutzer nach verschiedenen Kriterien gruppiert werden, wodurch Inhalte und Angebote besser auf die Bed\u00fcrfnisse bestimmter Segmente zugeschnitten werden k\u00f6nnen.<\/li>\n<li style=\"text-align: justify;\">A\/B-Tests: Analyse-Cookies werden f\u00fcr A\/B-Tests verwendet, bei denen zwei Versionen einer Website miteinander verglichen werden, um festzustellen, welche Version besser abschneidet. Diese Tests dienen der Optimierung von Aussehen, Funktionalit\u00e4t und Inhalt der Website.<\/li>\n<\/ol>\n<p style=\"text-align: center;\"><strong>\u00a711 Funktionen von Werbe-Cookies<\/strong><\/p>\n<p style=\"text-align: center;\"><strong><\/strong><\/p>\n<ol>\n<li style=\"text-align: justify;\">Personalisierte Werbung: Mit Hilfe von Marketing-Cookies k\u00f6nnen Anzeigen geschaltet werden, die auf die Interessen, Vorlieben und den Browserverlauf eines Nutzers zugeschnitten sind, wodurch sie attraktiver und effektiver werden.<\/li>\n<li style=\"text-align: justify;\">Remarketing: Mit Marketing-Cookies k\u00f6nnen Sie Nutzer verfolgen, die die Website besucht, aber keinen Kauf oder eine andere Aktion abgeschlossen haben, und sie mit Werbung erneut ansprechen, um sie zur R\u00fcckkehr auf die Website und zum Abschluss der Transaktion zu bewegen.<\/li>\n<li style=\"text-align: justify;\">Messung der Wirksamkeit von Werbema\u00dfnahmen: Marketing-Cookies erm\u00f6glichen es Ihnen, die Ergebnisse Ihrer Werbekampagnen zu \u00fcberwachen, z. B. die Anzahl der Klicks, Konversionen oder Impressionen, so dass Sie Ihre Marketingstrategie optimieren k\u00f6nnen.<\/li>\n<li style=\"text-align: justify;\">Verwaltung von Werbung \u00fcber mehrere Kan\u00e4le: Die Verwendung von Marketing-Cookies erleichtert die Koordinierung und Integration von Werbema\u00dfnahmen, die \u00fcber verschiedene Kan\u00e4le wie Suchmaschinen, soziale Medien oder Partnerseiten durchgef\u00fchrt werden.<\/li>\n<li style=\"text-align: justify;\">Testen und Optimieren von Werbeinhalten: Marketing-Cookies werden verwendet, um A\/B-Tests und andere Analysemethoden durchzuf\u00fchren, um festzustellen, welche Botschaften, Formate oder Werbemittel f\u00fcr die Nutzer am effektivsten und ansprechendsten sind.<\/li>\n<\/ol>\n<p>[\/et_pb_text][\/et_pb_column][\/et_pb_row][\/et_pb_section]<\/p>\n","protected":false},"excerpt":{"rendered":"<p>\/DatenschutzDiese Richtlinie enth\u00e4lt grundlegende Informationen \u00fcber den Zweck, die Art der Verarbeitung und die Sicherheit Ihrer personenbezogenen Daten als Nutzer der Website milmay.eu (nachstehend &#8222;Website&#8220; genannt). Durch die Lekt\u00fcre der Datenschutzrichtlinie erfahren Sie, wer f\u00fcr die Verarbeitung Ihrer personenbezogenen Daten verantwortlich ist, welche personenbezogenen Daten von der Website erfasst werden, f\u00fcr welche Zwecke sie verwendet werden und wie sie gesch\u00fctzt werden. \u00a71. Hintergrundinformationen. Der Verwalter Ihrer pers\u00f6nlichen Daten ist: Przemys\u0142aw Godlewski Unternehmer, eingetragen im Zentralen Informations- und Unternehmensregister unter dem Namen: MILMAY Przemys\u0142aw Godlewski mit Sitz in Nowe Gizewo 132, 12-100 Szczytno, NIP: 5841002098Die Kontaktaufnahme mit dem Verwalter ist per E-Mail m\u00f6glich unter: studio@milmay.pl. \u00a72. Grunds\u00e4tze der Datenverarbeitung. Der f\u00fcr die Verarbeitung Verantwortliche muss bei der Verarbeitung personenbezogener Daten die folgenden Grunds\u00e4tze beachten: auf einer gesetzlichen Grundlage und in \u00dcbereinstimmung mit dem Gesetz (Legalismus); mit Integrit\u00e4t und Ehrlichkeit (Zuverl\u00e4ssigkeit); in einer Weise, die f\u00fcr die betroffene Person transparent ist (Transparenz); f\u00fcr bestimmte Zwecke und nicht &#8222;auf Vorrat&#8220; (Minimierung); nicht mehr als n\u00f6tig (Angemessenheit); Beachtung der Datengenauigkeit (Korrektheit); nicht l\u00e4nger als n\u00f6tig (Zeitlichkeit); Gew\u00e4hrleistung einer angemessenen Datensicherheit (Safety). \u00a73. Ziele, Rechtsgrundlage und Umfang der Datenverarbeitung. Wir werden Ihre Daten verarbeiten: zu Kontaktzwecken, um Ihre direkt per E-Mail oder \u00fcber ein Formular [&hellip;]<\/p>\n","protected":false},"author":1,"featured_media":0,"parent":0,"menu_order":0,"comment_status":"closed","ping_status":"open","template":"","meta":{"_et_pb_use_builder":"on","_et_pb_old_content":"","_et_gb_content_width":"","footnotes":""},"class_list":["post-246711","page","type-page","status-publish","hentry"],"_links":{"self":[{"href":"https:\/\/milmay.eu\/de\/wp-json\/wp\/v2\/pages\/246711","targetHints":{"allow":["GET"]}}],"collection":[{"href":"https:\/\/milmay.eu\/de\/wp-json\/wp\/v2\/pages"}],"about":[{"href":"https:\/\/milmay.eu\/de\/wp-json\/wp\/v2\/types\/page"}],"author":[{"embeddable":true,"href":"https:\/\/milmay.eu\/de\/wp-json\/wp\/v2\/users\/1"}],"replies":[{"embeddable":true,"href":"https:\/\/milmay.eu\/de\/wp-json\/wp\/v2\/comments?post=246711"}],"version-history":[{"count":0,"href":"https:\/\/milmay.eu\/de\/wp-json\/wp\/v2\/pages\/246711\/revisions"}],"wp:attachment":[{"href":"https:\/\/milmay.eu\/de\/wp-json\/wp\/v2\/media?parent=246711"}],"curies":[{"name":"wp","href":"https:\/\/api.w.org\/{rel}","templated":true}]}}