{"id":246879,"date":"2023-02-16T16:55:43","date_gmt":"2023-02-16T15:55:43","guid":{"rendered":"https:\/\/milmay.eu\/kontakt\/"},"modified":"2023-06-03T20:16:28","modified_gmt":"2023-06-03T18:16:28","slug":"kontakt","status":"publish","type":"page","link":"https:\/\/milmay.eu\/de\/kontakt\/","title":{"rendered":"Kontakt"},"content":{"rendered":"<p>[et_pb_section fb_built=&#8220;1&#8243; custom_padding_last_edited=&#8220;on|phone&#8220; admin_label=&#8220;\/ co robimy&#8220; _builder_version=&#8220;4.20.2&#8243; _module_preset=&#8220;default&#8220; background_color=&#8220;#282828&#8243; custom_padding=&#8220;130px|3rem||3rem|false|true&#8220; custom_padding_tablet=&#8220;|2rem||2rem|false|true&#8220; custom_padding_phone=&#8220;|2rem||2rem|false|true&#8220; locked=&#8220;off&#8220; collapsed=&#8220;off&#8220; global_colors_info=&#8220;{}&#8220;][et_pb_row _builder_version=&#8220;4.21.0&#8243; _module_preset=&#8220;default&#8220; width=&#8220;100%&#8220; module_alignment=&#8220;center&#8220; custom_padding=&#8220;0px||0px||false|false&#8220; locked=&#8220;off&#8220; global_colors_info=&#8220;{}&#8220;][et_pb_column type=&#8220;4_4&#8243; _builder_version=&#8220;4.19.5&#8243; _module_preset=&#8220;default&#8220; global_colors_info=&#8220;{}&#8220;][et_pb_text _builder_version=&#8220;4.21.0&#8243; _module_preset=&#8220;default&#8220; text_font=&#8220;Poppins||||||||&#8220; text_text_color=&#8220;gcid-82dce978-7bb6-4e98-8d1f-0aaaa47b4f78&#8243; text_font_size=&#8220;8rem&#8220; position_origin_a=&#8220;center_left&#8220; width=&#8220;100%&#8220; max_width=&#8220;100vw&#8220; module_alignment=&#8220;left&#8220; custom_padding=&#8220;61px||61px||true|false&#8220; custom_padding_tablet=&#8220;|||1rem|false|false&#8220; custom_padding_phone=&#8220;|||1rem|false|false&#8220; custom_padding_last_edited=&#8220;off|tablet&#8220; animation_direction=&#8220;top&#8220; text_font_size_tablet=&#8220;5rem&#8220; text_font_size_phone=&#8220;3rem&#8220; text_font_size_last_edited=&#8220;on|desktop&#8220; global_colors_info=&#8220;{%22gcid-82dce978-7bb6-4e98-8d1f-0aaaa47b4f78%22:%91%22text_text_color%22%93}&#8220;]<\/p>\n<p>\/Kontakt<\/p>\n<p>[\/et_pb_text][\/et_pb_column][\/et_pb_row][\/et_pb_section][et_pb_section fb_built=&#8220;1&#8243; custom_padding_last_edited=&#8220;on|desktop&#8220; admin_label=&#8220;MAG&#8220; module_id=&#8220;web&#8220; _builder_version=&#8220;4.21.0&#8243; _module_preset=&#8220;default&#8220; background_color=&#8220;gcid-a318f0f4-9e4a-4550-b76d-fd035ab8382a&#8220; custom_padding=&#8220;0px|3rem||3rem|false|true&#8220; custom_padding_tablet=&#8220;|2rem||2rem|false|true&#8220; custom_padding_phone=&#8220;|2rem||2rem|false|true&#8220; locked=&#8220;off&#8220; collapsed=&#8220;off&#8220; global_colors_info=&#8220;{%22gcid-a318f0f4-9e4a-4550-b76d-fd035ab8382a%22:%91%22background_color%22%93}&#8220;][et_pb_row column_structure=&#8220;1_2,1_2&#8243; use_custom_gutter=&#8220;on&#8220; _builder_version=&#8220;4.21.0&#8243; _module_preset=&#8220;default&#8220; width=&#8220;100%&#8220; module_alignment=&#8220;center&#8220; locked=&#8220;off&#8220; global_colors_info=&#8220;{}&#8220;][et_pb_column type=&#8220;1_2&#8243; _builder_version=&#8220;4.20.2&#8243; _module_preset=&#8220;default&#8220; global_colors_info=&#8220;{}&#8220;][et_pb_text _builder_version=&#8220;4.21.0&#8243; _module_preset=&#8220;default&#8220; text_font=&#8220;Poppins|600|||||||&#8220; text_text_color=&#8220;gcid-94221c8d-cb28-415c-9156-130153bbec57&#8243; text_font_size=&#8220;71px&#8220; text_line_height=&#8220;1.2em&#8220; header_3_font=&#8220;Poppins|700||on|||||&#8220; header_3_text_color=&#8220;#000000&#8243; max_width=&#8220;52%&#8220; max_width_tablet=&#8220;60%&#8220; max_width_phone=&#8220;100%&#8220; max_width_last_edited=&#8220;on|phone&#8220; custom_margin=&#8220;30px||42px||false|false&#8220; custom_padding=&#8220;23px||23px||true|false&#8220; hover_enabled=&#8220;0&#8243; text_font_size_tablet=&#8220;71px&#8220; text_font_size_phone=&#8220;50px&#8220; text_font_size_last_edited=&#8220;on|phone&#8220; border_color_top=&#8220;gcid-82dce978-7bb6-4e98-8d1f-0aaaa47b4f78&#8243; border_width_bottom=&#8220;1px&#8220; border_color_bottom=&#8220;gcid-82dce978-7bb6-4e98-8d1f-0aaaa47b4f78&#8243; global_colors_info=&#8220;{%22gcid-82dce978-7bb6-4e98-8d1f-0aaaa47b4f78%22:%91%22border_color_bottom%22,%22border_color_top%22%93,%22gcid-94221c8d-cb28-415c-9156-130153bbec57%22:%91%22text_text_color%22%93}&#8220; sticky_enabled=&#8220;0&#8243;]<\/p>\n<p>kontaktiere uns<\/p>\n<p>[\/et_pb_text][et_pb_text _builder_version=&#8220;4.21.0&#8243; _module_preset=&#8220;default&#8220; text_font=&#8220;Poppins||||||||&#8220; text_font_size=&#8220;18px&#8220; link_font=&#8220;Poppins|700|||||||&#8220; link_text_color=&#8220;gcid-82dce978-7bb6-4e98-8d1f-0aaaa47b4f78&#8243; max_width=&#8220;60%&#8220; max_width_tablet=&#8220;60%&#8220; max_width_phone=&#8220;100%&#8220; max_width_last_edited=&#8220;on|phone&#8220; module_alignment=&#8220;left&#8220; hover_enabled=&#8220;0&#8243; global_colors_info=&#8220;{%22gcid-82dce978-7bb6-4e98-8d1f-0aaaa47b4f78%22:%91%22link_text_color%22%93}&#8220; sticky_enabled=&#8220;0&#8243;]<\/p>\n<p><span>Wenn Sie Diskretion w\u00fcnschen, k\u00f6nnen wir eine Vertraulichkeitsvereinbarung (NDA) unterzeichnen.<\/span> <span>Teilen Sie uns mit, dass wir hier ansetzen sollen, und wir werden es tun. Schreiben Sie an <a href=\"mailto:studio@milmay.pl\">studio@milmay.pl<\/a><\/span><\/p>\n<p>[\/et_pb_text][et_pb_text _builder_version=&#8220;4.21.0&#8243; _module_preset=&#8220;default&#8220; text_font=&#8220;Poppins||||||||&#8220; text_font_size=&#8220;15px&#8220; link_text_color=&#8220;gcid-82dce978-7bb6-4e98-8d1f-0aaaa47b4f78&#8243; custom_margin=&#8220;||4px|||&#8220; global_colors_info=&#8220;{%22gcid-82dce978-7bb6-4e98-8d1f-0aaaa47b4f78%22:%91%22link_text_color%22%93}&#8220;]<\/p>\n<h3>MILMAY<\/h3>\n<p>Nowe Gizewo 132<br \/>12-100 Szczytno<\/p>\n<p>[\/et_pb_text][et_pb_text _builder_version=&#8220;4.21.0&#8243; _module_preset=&#8220;default&#8220; text_font=&#8220;Poppins||||||||&#8220; text_font_size=&#8220;15px&#8220; link_text_color=&#8220;gcid-82dce978-7bb6-4e98-8d1f-0aaaa47b4f78&#8243; custom_margin=&#8220;20px||10px||false|false&#8220; global_colors_info=&#8220;{%22gcid-82dce978-7bb6-4e98-8d1f-0aaaa47b4f78%22:%91%22link_text_color%22%93}&#8220;]<\/p>\n<h3>Kontakt<\/h3>\n<p>[\/et_pb_text][dsm_icon_list icon_color=&#8220;gcid-82dce978-7bb6-4e98-8d1f-0aaaa47b4f78&#8243; list_layout=&#8220;horizontal&#8220; list_space_between=&#8220;10px&#8220; list_padding=&#8220;|20px|||false|false&#8220; _builder_version=&#8220;4.21.0&#8243; _module_preset=&#8220;default&#8220; text_font=&#8220;Poppins|600|||||||&#8220; text_text_color=&#8220;gcid-94221c8d-cb28-415c-9156-130153bbec57&#8243; custom_margin=&#8220;0px||0px||false|false&#8220; locked=&#8220;off&#8220; global_colors_info=&#8220;{%22gcid-82dce978-7bb6-4e98-8d1f-0aaaa47b4f78%22:%91%22icon_color%22%93,%22gcid-94221c8d-cb28-415c-9156-130153bbec57%22:%91%22text_text_color%22%93}&#8220;][dsm_icon_list_child text=&#8220;+48 600 018 957&#8243; font_icon=&#8220;&#xf879;||fa||900&#8243; url=&#8220;tel:+48600018957&#8243; _builder_version=&#8220;4.21.0&#8243; _module_preset=&#8220;default&#8220; global_colors_info=&#8220;{}&#8220;][\/dsm_icon_list_child][dsm_icon_list_child text=&#8220;studio@milmay.pl&#8220; font_icon=&#8220;&#xe076;||divi||400&#8243; url=&#8220;mailto:studio@milmay.pl&#8220; _builder_version=&#8220;4.21.0&#8243; _module_preset=&#8220;default&#8220; global_colors_info=&#8220;{}&#8220;][\/dsm_icon_list_child][\/dsm_icon_list][\/et_pb_column][et_pb_column type=&#8220;1_2&#8243; _builder_version=&#8220;4.20.2&#8243; _module_preset=&#8220;default&#8220; global_colors_info=&#8220;{}&#8220;][et_pb_contact_form captcha=&#8220;off&#8220; email=&#8220;studio@milmay.pl&#8220; success_message=&#8220;<\/p>\n<h3>SUKCES!<\/h3>\n<p>Dzi\u0119kujemy za przes\u0142anie formularza<\/p>\n<p>&#8220; submit_button_text=&#8220;senden&#8220; _builder_version=&#8220;4.21.0&#8243; _module_preset=&#8220;default&#8220; _unique_id=&#8220;cde4a544-9cf3-453f-81a7-b858caabf843&#8243; form_field_background_color=&#8220;RGBA(255,255,255,0)&#8220; form_field_text_color=&#8220;gcid-5bf01805-6e53-4125-8223-1319578b1f9e&#8220; form_field_focus_background_color=&#8220;RGBA(255,255,255,0)&#8220; form_field_focus_text_color=&#8220;gcid-94221c8d-cb28-415c-9156-130153bbec57&#8243; form_field_font=&#8220;Poppins||||||||&#8220; custom_button=&#8220;on&#8220; button_text_color=&#8220;#FFFFFF&#8220; button_bg_color=&#8220;gcid-82dce978-7bb6-4e98-8d1f-0aaaa47b4f78&#8243; button_border_width=&#8220;0px&#8220; button_font=&#8220;Poppins|300||on|||||&#8220; button_use_icon=&#8220;off&#8220; button_custom_margin=&#8220;20px||||false|false&#8220; max_width=&#8220;66%&#8220; max_width_tablet=&#8220;66%&#8220; max_width_phone=&#8220;100%&#8220; max_width_last_edited=&#8220;on|phone&#8220; module_alignment=&#8220;left&#8220; custom_margin=&#8220;100px||||false|false&#8220; custom_margin_tablet=&#8220;30px||||false|false&#8220; custom_margin_phone=&#8220;30px||||false|false&#8220; custom_margin_last_edited=&#8220;on|tablet&#8220; hover_enabled=&#8220;0&#8243; module_alignment_tablet=&#8220;center&#8220; module_alignment_phone=&#8220;center&#8220; module_alignment_last_edited=&#8220;on|desktop&#8220; use_custom_message_richtext=&#8220;on&#8220; admin_email_subject=&#8220;Wiadomo\u015b\u0107 ze strony milmay.eu&#8220; admin_email_from_name=&#8220;milmay.eu&#8220; save_files_to_db=&#8220;off&#8220; send_files_as_attachment=&#8220;off&#8220; use_confirmation_email=&#8220;on&#8220; confirmation_email_subject=&#8220;Potwierdzenie wys\u0142ania wiadomo\u015bci&#8220; confirmation_email_from_name=&#8220;MILMAY&#8220; confirmation_email_from=&#8220;studio@milmay.pl&#8220; confirmation_email_message=&#8220;Dzi\u0119kujemy za wys\u0142anie formularza. Odpowiemy tak szybko jak to mo\u017cliwe.<\/p>\n<p>Pozdrawiam&#8220; submit_button_alignment=&#8220;center&#8220; success_message_background=&#8220;#d7076d&#8220; success_message_margin=&#8220;50px||||false|false&#8220; success_message_padding=&#8220;15px|15px|15px|15px|true|true&#8220; success_message_border=&#8220;on|15px|15px|15px|15px&#8220; success_message_heading_font=&#8220;Poppins|600||on|||||&#8220; success_message_heading_color=&#8220;#FFFFFF&#8220; success_message_heading_size=&#8220;20px&#8220; success_message_heading_alignment=&#8220;center&#8220; success_message_font=&#8220;Poppins|300|||||||&#8220; success_message_font_color=&#8220;#FFFFFF&#8220; success_message_font_size=&#8220;15px&#8220; success_message_alignment=&#8220;center&#8220; field_label_font=&#8220;Poppins||||||||&#8220; contact_message_location=&#8220;bottom&#8220; use_honeypot=&#8220;on&#8220; border_width_bottom=&#8220;1px&#8220; border_color_bottom=&#8220;gcid-5bf01805-6e53-4125-8223-1319578b1f9e&#8220; global_colors_info=&#8220;{%22gcid-5bf01805-6e53-4125-8223-1319578b1f9e%22:%91%22border_color_bottom%22,%22form_field_text_color%22%93,%22gcid-82dce978-7bb6-4e98-8d1f-0aaaa47b4f78%22:%91%22button_bg_color%22%93,%22gcid-94221c8d-cb28-415c-9156-130153bbec57%22:%91%22form_field_focus_text_color%22%93}&#8220; button_bg_color__hover_enabled=&#8220;on|hover&#8220; button_bg_color__hover=&#8220;#bf035e&#8220; button_bg_enable_color__hover=&#8220;on&#8220; submit_button_full_width_last_edited=&#8220;on|phone&#8220; submit_button_full_width_phone=&#8220;on&#8220; sticky_enabled=&#8220;0&#8243; title=&#8220; &#8222;][et_pb_contact_field field_id=&#8220;Name&#8220; field_title=&#8220;Name&#8220; fullwidth_field=&#8220;on&#8220; _builder_version=&#8220;4.21.0&#8243; hover_enabled=&#8220;0&#8243; global_colors_info=&#8220;{}&#8220; button_text_size__hover_enabled=&#8220;off&#8220; button_one_text_size__hover_enabled=&#8220;off&#8220; button_two_text_size__hover_enabled=&#8220;off&#8220; button_text_color__hover_enabled=&#8220;off&#8220; button_one_text_color__hover_enabled=&#8220;off&#8220; button_two_text_color__hover_enabled=&#8220;off&#8220; button_border_width__hover_enabled=&#8220;off&#8220; button_one_border_width__hover_enabled=&#8220;off&#8220; button_two_border_width__hover_enabled=&#8220;off&#8220; button_border_color__hover_enabled=&#8220;off&#8220; button_one_border_color__hover_enabled=&#8220;off&#8220; button_two_border_color__hover_enabled=&#8220;off&#8220; button_border_radius__hover_enabled=&#8220;off&#8220; button_one_border_radius__hover_enabled=&#8220;off&#8220; button_two_border_radius__hover_enabled=&#8220;off&#8220; button_letter_spacing__hover_enabled=&#8220;off&#8220; button_one_letter_spacing__hover_enabled=&#8220;off&#8220; button_two_letter_spacing__hover_enabled=&#8220;off&#8220; button_bg_color__hover_enabled=&#8220;off&#8220; button_one_bg_color__hover_enabled=&#8220;off&#8220; button_two_bg_color__hover_enabled=&#8220;off&#8220; sticky_enabled=&#8220;0&#8243;][\/et_pb_contact_field][et_pb_contact_field field_id=&#8220;Email&#8220; field_title=&#8220;E-Mail Adresse&#8220; field_type=&#8220;email&#8220; fullwidth_field=&#8220;on&#8220; _builder_version=&#8220;4.21.0&#8243; hover_enabled=&#8220;0&#8243; global_colors_info=&#8220;{}&#8220; button_text_size__hover_enabled=&#8220;off&#8220; button_one_text_size__hover_enabled=&#8220;off&#8220; button_two_text_size__hover_enabled=&#8220;off&#8220; button_text_color__hover_enabled=&#8220;off&#8220; button_one_text_color__hover_enabled=&#8220;off&#8220; button_two_text_color__hover_enabled=&#8220;off&#8220; button_border_width__hover_enabled=&#8220;off&#8220; button_one_border_width__hover_enabled=&#8220;off&#8220; button_two_border_width__hover_enabled=&#8220;off&#8220; button_border_color__hover_enabled=&#8220;off&#8220; button_one_border_color__hover_enabled=&#8220;off&#8220; button_two_border_color__hover_enabled=&#8220;off&#8220; button_border_radius__hover_enabled=&#8220;off&#8220; button_one_border_radius__hover_enabled=&#8220;off&#8220; button_two_border_radius__hover_enabled=&#8220;off&#8220; button_letter_spacing__hover_enabled=&#8220;off&#8220; button_one_letter_spacing__hover_enabled=&#8220;off&#8220; button_two_letter_spacing__hover_enabled=&#8220;off&#8220; button_bg_color__hover_enabled=&#8220;off&#8220; button_one_bg_color__hover_enabled=&#8220;off&#8220; button_two_bg_color__hover_enabled=&#8220;off&#8220; sticky_enabled=&#8220;0&#8243;][\/et_pb_contact_field][et_pb_contact_field field_id=&#8220;Telefonnummer&#8220; field_title=&#8220;Telefonnummer&#8220; allowed_symbols=&#8220;numbers&#8220; fullwidth_field=&#8220;on&#8220; _builder_version=&#8220;4.21.0&#8243; hover_enabled=&#8220;0&#8243; global_colors_info=&#8220;{}&#8220; button_text_size__hover_enabled=&#8220;off&#8220; button_one_text_size__hover_enabled=&#8220;off&#8220; button_two_text_size__hover_enabled=&#8220;off&#8220; button_text_color__hover_enabled=&#8220;off&#8220; button_one_text_color__hover_enabled=&#8220;off&#8220; button_two_text_color__hover_enabled=&#8220;off&#8220; button_border_width__hover_enabled=&#8220;off&#8220; button_one_border_width__hover_enabled=&#8220;off&#8220; button_two_border_width__hover_enabled=&#8220;off&#8220; button_border_color__hover_enabled=&#8220;off&#8220; button_one_border_color__hover_enabled=&#8220;off&#8220; button_two_border_color__hover_enabled=&#8220;off&#8220; button_border_radius__hover_enabled=&#8220;off&#8220; button_one_border_radius__hover_enabled=&#8220;off&#8220; button_two_border_radius__hover_enabled=&#8220;off&#8220; button_letter_spacing__hover_enabled=&#8220;off&#8220; button_one_letter_spacing__hover_enabled=&#8220;off&#8220; button_two_letter_spacing__hover_enabled=&#8220;off&#8220; button_bg_color__hover_enabled=&#8220;off&#8220; button_one_bg_color__hover_enabled=&#8220;off&#8220; button_two_bg_color__hover_enabled=&#8220;off&#8220; sticky_enabled=&#8220;0&#8243;][\/et_pb_contact_field][et_pb_contact_field field_id=&#8220;Nachricht&#8220; field_title=&#8220;Nachricht&#8220; field_type=&#8220;text&#8220; fullwidth_field=&#8220;on&#8220; _builder_version=&#8220;4.21.0&#8243; hover_enabled=&#8220;0&#8243; global_colors_info=&#8220;{}&#8220; button_text_size__hover_enabled=&#8220;off&#8220; button_one_text_size__hover_enabled=&#8220;off&#8220; button_two_text_size__hover_enabled=&#8220;off&#8220; button_text_color__hover_enabled=&#8220;off&#8220; button_one_text_color__hover_enabled=&#8220;off&#8220; button_two_text_color__hover_enabled=&#8220;off&#8220; button_border_width__hover_enabled=&#8220;off&#8220; button_one_border_width__hover_enabled=&#8220;off&#8220; button_two_border_width__hover_enabled=&#8220;off&#8220; button_border_color__hover_enabled=&#8220;off&#8220; button_one_border_color__hover_enabled=&#8220;off&#8220; button_two_border_color__hover_enabled=&#8220;off&#8220; button_border_radius__hover_enabled=&#8220;off&#8220; button_one_border_radius__hover_enabled=&#8220;off&#8220; button_two_border_radius__hover_enabled=&#8220;off&#8220; button_letter_spacing__hover_enabled=&#8220;off&#8220; button_one_letter_spacing__hover_enabled=&#8220;off&#8220; button_two_letter_spacing__hover_enabled=&#8220;off&#8220; button_bg_color__hover_enabled=&#8220;off&#8220; button_one_bg_color__hover_enabled=&#8220;off&#8220; button_two_bg_color__hover_enabled=&#8220;off&#8220; sticky_enabled=&#8220;0&#8243;][\/et_pb_contact_field][et_pb_contact_field field_id=&#8220;Annahme&#8220; field_title=&#8220; &#8220; field_type=&#8220;checkbox&#8220; checkbox_options=&#8220;%91{%22value%22:%22Durch Klicken auf die Schaltfl\u00e4che \u201eSENDEN\u201c akzeptieren Sie unsere Datenschutzrichtlinie und erkl\u00e4ren sich damit einverstanden, uns Ihre pers\u00f6nlichen Daten zur Verf\u00fcgung zu stellen.%22,%22checked%22:0,%22dragID%22:-1,%22link_url%22:%22https:\/\/milmay.eu\/de\/datenschutz\/%22,%22link_text%22:%22Datenschutz%22}%93&#8243; fullwidth_field=&#8220;on&#8220; conditional_logic=&#8220;on&#8220; conditional_logic_relation=&#8220;on&#8220; conditional_logic_rules=&#8220;%91{%22field%22:%22name%22,%22condition%22:%22is not empty%22,%22value%22:%22%22}%93&#8243; _builder_version=&#8220;4.21.0&#8243; _module_preset=&#8220;default&#8220; form_field_background_color=&#8220;RGBA(255,255,255,0)&#8220; form_field_text_color=&#8220;#0C71C3&#8243; form_field_focus_background_color=&#8220;RGBA(255,255,255,0)&#8220; form_field_focus_text_color=&#8220;RGBA(255,255,255,0)&#8220; text_orientation=&#8220;justified&#8220; hover_enabled=&#8220;0&#8243; use_field_label_cr=&#8220;off&#8220; field_description_location=&#8220;above&#8220; border_width_all=&#8220;1px&#8220; border_color_all=&#8220;#000000&#8243; global_colors_info=&#8220;{}&#8220; sticky_enabled=&#8220;0&#8243;][\/et_pb_contact_field][\/et_pb_contact_form][\/et_pb_column][\/et_pb_row][\/et_pb_section]<\/p>\n","protected":false},"excerpt":{"rendered":"<p>\/Kontaktkontaktiere unsWenn Sie Diskretion w\u00fcnschen, k\u00f6nnen wir eine Vertraulichkeitsvereinbarung (NDA) unterzeichnen. Teilen Sie uns mit, dass wir hier ansetzen sollen, und wir werden es tun. Schreiben Sie an studio@milmay.plMILMAY Nowe Gizewo 13212-100 SzczytnoKontakt<div class=\"et_pb_module dsm_icon_list dsm_icon_list_0\">\n\t\t\t\t\n\t\t\t\t\n\t\t\t\t\n\t\t\t\t\n\t\t\t\t\n\t\t\t\t\n\t\t\t\t<div class=\"et_pb_module_inner\">\n\t\t\t\t\t<ul class=\"dsm_icon_list_items dsm_icon_list_ltr_direction dsm_icon_list_layout_horizontal\"><li class=\"dsm_icon_list_child dsm_icon_list_child_0\">\n\t\t\t\t\n\t\t\t\t\n\t\t\t\t\n\t\t\t\t\n\t\t\t\t<a href=\"tel:+48600018957\"><span class=\"dsm_icon_list_wrapper\"><span class=\"dsm_icon_list_icon\">\uf879<\/span><\/span><span class=\"dsm_icon_list_text\">+48 600 018 957<\/span><\/a>\n\t\t\t<\/li><li class=\"dsm_icon_list_child dsm_icon_list_child_1\">\n\t\t\t\t\n\t\t\t\t\n\t\t\t\t\n\t\t\t\t\n\t\t\t\t<a href=\"mailto:studio@milmay.pl\"><span class=\"dsm_icon_list_wrapper\"><span class=\"dsm_icon_list_icon\">\ue076<\/span><\/span><span class=\"dsm_icon_list_text\">studio@milmay.pl<\/span><\/a>\n\t\t\t<\/li><\/ul>\n\t\t\t\t<\/div>\n\t\t\t<\/div><\/p>\n","protected":false},"author":1,"featured_media":0,"parent":0,"menu_order":0,"comment_status":"closed","ping_status":"closed","template":"","meta":{"_et_pb_use_builder":"on","_et_pb_old_content":"","_et_gb_content_width":"","footnotes":""},"class_list":["post-246879","page","type-page","status-publish","hentry"],"_links":{"self":[{"href":"https:\/\/milmay.eu\/de\/wp-json\/wp\/v2\/pages\/246879","targetHints":{"allow":["GET"]}}],"collection":[{"href":"https:\/\/milmay.eu\/de\/wp-json\/wp\/v2\/pages"}],"about":[{"href":"https:\/\/milmay.eu\/de\/wp-json\/wp\/v2\/types\/page"}],"author":[{"embeddable":true,"href":"https:\/\/milmay.eu\/de\/wp-json\/wp\/v2\/users\/1"}],"replies":[{"embeddable":true,"href":"https:\/\/milmay.eu\/de\/wp-json\/wp\/v2\/comments?post=246879"}],"version-history":[{"count":0,"href":"https:\/\/milmay.eu\/de\/wp-json\/wp\/v2\/pages\/246879\/revisions"}],"wp:attachment":[{"href":"https:\/\/milmay.eu\/de\/wp-json\/wp\/v2\/media?parent=246879"}],"curies":[{"name":"wp","href":"https:\/\/api.w.org\/{rel}","templated":true}]}}